{"id":190,"date":"2017-01-10T07:33:25","date_gmt":"2017-01-10T07:33:25","guid":{"rendered":"http:\/\/dardo-consulting.com\/training\/?page_id=190"},"modified":"2019-04-01T09:58:41","modified_gmt":"2019-04-01T08:58:41","slug":"impressum","status":"publish","type":"page","link":"https:\/\/dardo-consulting.com\/onlinekurse\/impressum\/","title":{"rendered":"Impressum"},"content":{"rendered":"<p>Dardo Consulting \u2013 Mag. Elisabeth Kr\u00fcger<br \/>\nArbeitspsychologie \u2013 Mediation \u2013 Coaching<br \/>\nDorf 8<br \/>\n6934 Sulzberg<br \/>\nAUSTRIA<\/p>\n<p>Telefon: +43\/699\/10 660 110<br \/>\nE-Mail: kurse@dardo-consulting.com<\/p>\n<p>Haftungshinweise<br \/>\nDie Inhalte dieser Webseite werden mit gr\u00f6\u00dftm\u00f6glicher Sorgfalt gepr\u00fcft und nach bestem Wissen erstellt. Dennoch wird keine Gew\u00e4hr f\u00fcr die Aktualit\u00e4t, Vollst\u00e4ndigkeit und Richtigkeit der bereitgestellten Seite und Inhalte \u00fcbernommen. Es wird keine Haftung f\u00fcr die Inhalte externer Links \u00fcbernommen. F\u00fcr den Inhalt der verlinkten Seiten sind ausschlie\u00dflich deren Betreiber verantwortlich.<br \/>\nDie auf dieser Webseite ver\u00f6ffentlichten Inhalte sind urheberrechtlich gesch\u00fctzt. Alle Rechte, auch der \u00dcbersetzung der Webseite, des Nachdrucks und der Vervielf\u00e4ltigung des Inhalts oder Teilen daraus, sind vorbehalten. Die Reproduktion, Verarbeitung, \u00dcbermittlung, Modifikation oder Verkn\u00fcpfung der Inhalte der Webseite ist nur mit ausdr\u00fccklicher und schriftlicher Genehmigung von Mag. Elisabeth Kr\u00fcger gestattet.<\/p>\n<p>[gzd_complaints]<\/p>\n","protected":false},"excerpt":{"rendered":"<p>Dardo Consulting \u2013 Mag. Elisabeth Kr\u00fcger Arbeitspsychologie \u2013 Mediation \u2013 Coaching Dorf 8 6934 Sulzberg AUSTRIA Telefon: +43\/699\/10 660 110 E-Mail: kurse@dardo-consulting.com Haftungshinweise Die Inhalte&hellip;<\/p>\n","protected":false},"author":1,"featured_media":0,"parent":0,"menu_order":0,"comment_status":"closed","ping_status":"closed","template":"","meta":{"footnotes":""},"class_list":["post-190","page","type-page","status-publish","hentry"],"_links":{"self":[{"href":"https:\/\/dardo-consulting.com\/onlinekurse\/wp-json\/wp\/v2\/pages\/190","targetHints":{"allow":["GET"]}}],"collection":[{"href":"https:\/\/dardo-consulting.com\/onlinekurse\/wp-json\/wp\/v2\/pages"}],"about":[{"href":"https:\/\/dardo-consulting.com\/onlinekurse\/wp-json\/wp\/v2\/types\/page"}],"author":[{"embeddable":true,"href":"https:\/\/dardo-consulting.com\/onlinekurse\/wp-json\/wp\/v2\/users\/1"}],"replies":[{"embeddable":true,"href":"https:\/\/dardo-consulting.com\/onlinekurse\/wp-json\/wp\/v2\/comments?post=190"}],"version-history":[{"count":5,"href":"https:\/\/dardo-consulting.com\/onlinekurse\/wp-json\/wp\/v2\/pages\/190\/revisions"}],"predecessor-version":[{"id":1152,"href":"https:\/\/dardo-consulting.com\/onlinekurse\/wp-json\/wp\/v2\/pages\/190\/revisions\/1152"}],"wp:attachment":[{"href":"https:\/\/dardo-consulting.com\/onlinekurse\/wp-json\/wp\/v2\/media?parent=190"}],"curies":[{"name":"wp","href":"https:\/\/api.w.org\/{rel}","templated":true}]}}