{"id":457,"date":"2017-01-22T19:39:40","date_gmt":"2017-01-22T19:39:40","guid":{"rendered":"http:\/\/dardo-consulting.com\/onlinekurse\/?page_id=457"},"modified":"2023-10-11T21:20:58","modified_gmt":"2023-10-11T18:20:58","slug":"ueber-mich","status":"publish","type":"page","link":"https:\/\/dardo-consulting.com\/onlinekurse\/ueber-mich\/","title":{"rendered":"\u00dcber mich"},"content":{"rendered":"\t\t<div data-elementor-type=\"wp-page\" data-elementor-id=\"457\" class=\"elementor elementor-457\" data-elementor-post-type=\"page\">\n\t\t\t\t\t\t<section class=\"elementor-section elementor-top-section elementor-element elementor-element-3416259e elementor-section-stretched elementor-section-boxed elementor-section-height-default elementor-section-height-default\" data-id=\"3416259e\" data-element_type=\"section\" data-settings=\"{&quot;stretch_section&quot;:&quot;section-stretched&quot;,&quot;background_background&quot;:&quot;gradient&quot;,&quot;_ha_eqh_enable&quot;:false}\">\n\t\t\t\t\t\t<div class=\"elementor-container elementor-column-gap-default\">\n\t\t\t\t\t<div class=\"elementor-column elementor-col-100 elementor-top-column elementor-element elementor-element-25dc9376\" data-id=\"25dc9376\" data-element_type=\"column\">\n\t\t\t<div class=\"elementor-widget-wrap elementor-element-populated\">\n\t\t\t\t\t\t<div class=\"elementor-element elementor-element-60977251 envato-kit-62-ttl-white ha-has-bg-overlay elementor-invisible elementor-widget elementor-widget-heading\" data-id=\"60977251\" data-element_type=\"widget\" data-settings=\"{&quot;_animation&quot;:&quot;fadeInRight&quot;}\" data-widget_type=\"heading.default\">\n\t\t\t\t<div class=\"elementor-widget-container\">\n\t\t\t<h6 class=\"elementor-heading-title elementor-size-default\">Be yourself. Be your best.<\/h6>\t\t<\/div>\n\t\t\t\t<\/div>\n\t\t\t\t<div class=\"elementor-element elementor-element-18c8b8fa elementor-invisible elementor-widget elementor-widget-heading\" data-id=\"18c8b8fa\" data-element_type=\"widget\" data-settings=\"{&quot;_animation&quot;:&quot;fadeInRight&quot;,&quot;_animation_delay&quot;:&quot;200&quot;}\" data-widget_type=\"heading.default\">\n\t\t\t\t<div class=\"elementor-widget-container\">\n\t\t\t<h1 class=\"elementor-heading-title elementor-size-default\">\u00fcber mich<\/h1>\t\t<\/div>\n\t\t\t\t<\/div>\n\t\t\t\t\t<\/div>\n\t\t<\/div>\n\t\t\t\t\t<\/div>\n\t\t<\/section>\n\t\t\t\t<section class=\"elementor-section elementor-top-section elementor-element elementor-element-69bd4bba elementor-hidden-tablet elementor-section-boxed elementor-section-height-default elementor-section-height-default\" data-id=\"69bd4bba\" data-element_type=\"section\" data-settings=\"{&quot;_ha_eqh_enable&quot;:false}\">\n\t\t\t\t\t\t<div class=\"elementor-container elementor-column-gap-default\">\n\t\t\t\t\t<div class=\"elementor-column elementor-col-100 elementor-top-column elementor-element elementor-element-7760ccd8\" data-id=\"7760ccd8\" data-element_type=\"column\">\n\t\t\t<div class=\"elementor-widget-wrap elementor-element-populated\">\n\t\t\t\t\t\t<div class=\"elementor-element elementor-element-25edcc20 elementor-widget elementor-widget-spacer\" data-id=\"25edcc20\" data-element_type=\"widget\" data-widget_type=\"spacer.default\">\n\t\t\t\t<div class=\"elementor-widget-container\">\n\t\t\t\t\t<div class=\"elementor-spacer\">\n\t\t\t<div class=\"elementor-spacer-inner\"><\/div>\n\t\t<\/div>\n\t\t\t\t<\/div>\n\t\t\t\t<\/div>\n\t\t\t\t\t<\/div>\n\t\t<\/div>\n\t\t\t\t\t<\/div>\n\t\t<\/section>\n\t\t\t\t<section class=\"elementor-section elementor-top-section elementor-element elementor-element-506a34b7 elementor-section-boxed elementor-section-height-default elementor-section-height-default\" data-id=\"506a34b7\" data-element_type=\"section\" data-settings=\"{&quot;_ha_eqh_enable&quot;:false}\">\n\t\t\t\t\t\t<div class=\"elementor-container elementor-column-gap-default\">\n\t\t\t\t\t<div class=\"elementor-column elementor-col-50 elementor-top-column elementor-element elementor-element-4147b005\" data-id=\"4147b005\" data-element_type=\"column\" data-settings=\"{&quot;background_background&quot;:&quot;classic&quot;}\">\n\t\t\t<div class=\"elementor-widget-wrap elementor-element-populated\">\n\t\t\t\t\t\t<div class=\"elementor-element elementor-element-0ac0228 elementor-widget elementor-widget-image\" data-id=\"0ac0228\" data-element_type=\"widget\" data-widget_type=\"image.default\">\n\t\t\t\t<div class=\"elementor-widget-container\">\n\t\t\t\t\t\t\t\t\t\t\t\t\t<img fetchpriority=\"high\" decoding=\"async\" width=\"640\" height=\"427\" src=\"https:\/\/dardo-consulting.com\/onlinekurse\/wp-content\/uploads\/sites\/14\/2022\/03\/23-1024x683.png\" class=\"attachment-large size-large wp-image-11412\" alt=\"\" srcset=\"https:\/\/dardo-consulting.com\/onlinekurse\/wp-content\/uploads\/sites\/14\/2022\/03\/23-1024x683.png 1024w, https:\/\/dardo-consulting.com\/onlinekurse\/wp-content\/uploads\/sites\/14\/2022\/03\/23-300x200.png 300w, https:\/\/dardo-consulting.com\/onlinekurse\/wp-content\/uploads\/sites\/14\/2022\/03\/23-768x512.png 768w, https:\/\/dardo-consulting.com\/onlinekurse\/wp-content\/uploads\/sites\/14\/2022\/03\/23-450x300.png 450w, https:\/\/dardo-consulting.com\/onlinekurse\/wp-content\/uploads\/sites\/14\/2022\/03\/23-50x33.png 50w, https:\/\/dardo-consulting.com\/onlinekurse\/wp-content\/uploads\/sites\/14\/2022\/03\/23-250x167.png 250w, https:\/\/dardo-consulting.com\/onlinekurse\/wp-content\/uploads\/sites\/14\/2022\/03\/23-100x67.png 100w, https:\/\/dardo-consulting.com\/onlinekurse\/wp-content\/uploads\/sites\/14\/2022\/03\/23.png 1200w\" sizes=\"(max-width: 640px) 100vw, 640px\" \/>\t\t\t\t\t\t\t\t\t\t\t\t\t<\/div>\n\t\t\t\t<\/div>\n\t\t\t\t\t<\/div>\n\t\t<\/div>\n\t\t\t\t<div class=\"elementor-column elementor-col-50 elementor-top-column elementor-element elementor-element-3bdeebb0\" data-id=\"3bdeebb0\" data-element_type=\"column\" data-settings=\"{&quot;background_background&quot;:&quot;classic&quot;}\">\n\t\t\t<div class=\"elementor-widget-wrap elementor-element-populated\">\n\t\t\t\t\t\t<div class=\"elementor-element elementor-element-1dade936 envato-kit-62-ttl-green elementor-invisible elementor-widget elementor-widget-heading\" data-id=\"1dade936\" data-element_type=\"widget\" data-settings=\"{&quot;_animation&quot;:&quot;fadeInRight&quot;}\" data-widget_type=\"heading.default\">\n\t\t\t\t<div class=\"elementor-widget-container\">\n\t\t\t<h6 class=\"elementor-heading-title elementor-size-default\">Hallo und herzlich Willkommen!<\/h6>\t\t<\/div>\n\t\t\t\t<\/div>\n\t\t\t\t<div class=\"elementor-element elementor-element-5092a72 elementor-invisible elementor-widget elementor-widget-heading\" data-id=\"5092a72\" data-element_type=\"widget\" data-settings=\"{&quot;_animation&quot;:&quot;fadeInRight&quot;,&quot;_animation_delay&quot;:&quot;200&quot;}\" data-widget_type=\"heading.default\">\n\t\t\t\t<div class=\"elementor-widget-container\">\n\t\t\t<h2 class=\"elementor-heading-title elementor-size-default\">Ich bin elisabeth kr\u00fcger<\/h2>\t\t<\/div>\n\t\t\t\t<\/div>\n\t\t\t\t<div class=\"elementor-element elementor-element-23b3f92a elementor-invisible elementor-widget elementor-widget-text-editor\" data-id=\"23b3f92a\" data-element_type=\"widget\" data-settings=\"{&quot;_animation&quot;:&quot;fadeInRight&quot;,&quot;_animation_delay&quot;:&quot;400&quot;}\" data-widget_type=\"text-editor.default\">\n\t\t\t\t<div class=\"elementor-widget-container\">\n\t\t\t<div class=\"bb-theme-elementor-wrap bb-elementor-custom-color bb-elementor-custom-family bb-elementor-custom-size bb-elementor-tablet-custom-size bb-elementor-mobile-custom-size bb-elementor-custom-line-height bb-elementor-tablet-custom-line-height\">\t\t\t\t<p>Zu einer positiven und produktiven Arbeitskultur geh\u00f6rt, MitarbeiterInnen dabei zu unterst\u00fctzen, sich weiterzuentwickeln und ihr Bestes zu geben.\u00a0<\/p><p><span style=\"font-size: 18px;font-style: normal;font-weight: 400\">Mit Dardo Onlinekurse bieten wir dies &#8211; wo es inhaltlich passt &#8211; flexibel und an den Arbeitsalltag angepasst an.<\/span><\/p><p><span style=\"font-size: 18px;font-style: normal;font-weight: 400\">Qualit\u00e4t, Professionalit\u00e4t und Zusammenarbeit auf Augenh\u00f6he geh\u00f6ren zu den wichtigsten Werten in meiner Arbeit.<\/span><\/p>\t\t\t\t<\/div>\t\t<\/div>\n\t\t\t\t<\/div>\n\t\t\t\t<div class=\"elementor-element elementor-element-3d93051b e-grid-align-left elementor-shape-square e-grid-align-mobile-center elementor-grid-0 elementor-invisible elementor-widget elementor-widget-social-icons\" data-id=\"3d93051b\" data-element_type=\"widget\" data-settings=\"{&quot;_animation&quot;:&quot;fadeInRight&quot;,&quot;_animation_delay&quot;:&quot;600&quot;}\" data-widget_type=\"social-icons.default\">\n\t\t\t\t<div class=\"elementor-widget-container\">\n\t\t\t\t\t<div class=\"elementor-social-icons-wrapper elementor-grid\">\n\t\t\t\t\t\t\t<span class=\"elementor-grid-item\">\n\t\t\t\t\t<a class=\"elementor-icon elementor-social-icon elementor-social-icon-facebook-f elementor-animation-grow elementor-repeater-item-7a065f3\" href=\"https:\/\/www.facebook.com\/dardoconsulting\/\" target=\"_blank\">\n\t\t\t\t\t\t<span class=\"elementor-screen-only\">Facebook-f<\/span>\n\t\t\t\t\t\t<i class=\"fab fa-facebook-f\"><\/i>\t\t\t\t\t<\/a>\n\t\t\t\t<\/span>\n\t\t\t\t\t\t\t<span class=\"elementor-grid-item\">\n\t\t\t\t\t<a class=\"elementor-icon elementor-social-icon elementor-social-icon-twitter elementor-animation-grow elementor-repeater-item-a2cc209\" href=\"https:\/\/twitter.com\/DardoConsulting\" target=\"_blank\">\n\t\t\t\t\t\t<span class=\"elementor-screen-only\">Twitter<\/span>\n\t\t\t\t\t\t<i class=\"fab fa-twitter\"><\/i>\t\t\t\t\t<\/a>\n\t\t\t\t<\/span>\n\t\t\t\t\t\t\t<span class=\"elementor-grid-item\">\n\t\t\t\t\t<a class=\"elementor-icon elementor-social-icon elementor-social-icon-instagram elementor-animation-grow elementor-repeater-item-2b13e3a\" href=\"https:\/\/www.instagram.com\/dardoconsulting\/\" target=\"_blank\">\n\t\t\t\t\t\t<span class=\"elementor-screen-only\">Instagram<\/span>\n\t\t\t\t\t\t<i class=\"fab fa-instagram\"><\/i>\t\t\t\t\t<\/a>\n\t\t\t\t<\/span>\n\t\t\t\t\t\t\t<span class=\"elementor-grid-item\">\n\t\t\t\t\t<a class=\"elementor-icon elementor-social-icon elementor-social-icon-youtube elementor-animation-grow elementor-repeater-item-ad84df0\" href=\"https:\/\/www.youtube.com\/channel\/UC_tA5KtLW7GL5ZOwBrAx9AA\" target=\"_blank\">\n\t\t\t\t\t\t<span class=\"elementor-screen-only\">Youtube<\/span>\n\t\t\t\t\t\t<i class=\"fab fa-youtube\"><\/i>\t\t\t\t\t<\/a>\n\t\t\t\t<\/span>\n\t\t\t\t\t\t\t<span class=\"elementor-grid-item\">\n\t\t\t\t\t<a class=\"elementor-icon elementor-social-icon elementor-social-icon-linkedin-in elementor-animation-grow elementor-repeater-item-34234f3\" href=\"https:\/\/www.linkedin.com\/in\/elisabethkrueger\/\" target=\"_blank\">\n\t\t\t\t\t\t<span class=\"elementor-screen-only\">Linkedin-in<\/span>\n\t\t\t\t\t\t<i class=\"fab fa-linkedin-in\"><\/i>\t\t\t\t\t<\/a>\n\t\t\t\t<\/span>\n\t\t\t\t\t<\/div>\n\t\t\t\t<\/div>\n\t\t\t\t<\/div>\n\t\t\t\t\t<\/div>\n\t\t<\/div>\n\t\t\t\t\t<\/div>\n\t\t<\/section>\n\t\t\t\t<section class=\"elementor-section elementor-top-section elementor-element elementor-element-b15aa62 elementor-section-stretched elementor-section-boxed elementor-section-height-default elementor-section-height-default\" data-id=\"b15aa62\" data-element_type=\"section\" data-settings=\"{&quot;stretch_section&quot;:&quot;section-stretched&quot;,&quot;background_background&quot;:&quot;classic&quot;,&quot;_ha_eqh_enable&quot;:false}\">\n\t\t\t\t\t\t<div class=\"elementor-container elementor-column-gap-default\">\n\t\t\t\t\t<div class=\"elementor-column elementor-col-100 elementor-top-column elementor-element elementor-element-5fc1dbef\" data-id=\"5fc1dbef\" data-element_type=\"column\">\n\t\t\t<div class=\"elementor-widget-wrap elementor-element-populated\">\n\t\t\t\t\t\t<div class=\"elementor-element elementor-element-15066ce6 envato-kit-62-ttl-green elementor-invisible elementor-widget elementor-widget-heading\" data-id=\"15066ce6\" data-element_type=\"widget\" data-settings=\"{&quot;_animation&quot;:&quot;fadeInRight&quot;}\" data-widget_type=\"heading.default\">\n\t\t\t\t<div class=\"elementor-widget-container\">\n\t\t\t<h6 class=\"elementor-heading-title elementor-size-default\">Feedback<\/h6>\t\t<\/div>\n\t\t\t\t<\/div>\n\t\t\t\t<div class=\"elementor-element elementor-element-10e4692 elementor-invisible elementor-widget elementor-widget-heading\" data-id=\"10e4692\" data-element_type=\"widget\" data-settings=\"{&quot;_animation&quot;:&quot;fadeInLeft&quot;,&quot;_animation_delay&quot;:&quot;200&quot;}\" data-widget_type=\"heading.default\">\n\t\t\t\t<div class=\"elementor-widget-container\">\n\t\t\t<h2 class=\"elementor-heading-title elementor-size-default\">Was meine kunden sagen<\/h2>\t\t<\/div>\n\t\t\t\t<\/div>\n\t\t\t\t<div class=\"elementor-element elementor-element-45f3a3a7 elementor-widget elementor-widget-image\" data-id=\"45f3a3a7\" data-element_type=\"widget\" data-widget_type=\"image.default\">\n\t\t\t\t<div class=\"elementor-widget-container\">\n\t\t\t\t\t\t\t\t\t\t\t\t\t<img decoding=\"async\" src=\"http:\/\/dardo-consulting.com\/onlinekurse\/wp-content\/uploads\/sites\/14\/2019\/08\/quote.png\" title=\"\" alt=\"\" loading=\"lazy\" \/>\t\t\t\t\t\t\t\t\t\t\t\t\t<\/div>\n\t\t\t\t<\/div>\n\t\t\t\t<div class=\"elementor-element elementor-element-daf782 envato-kit-62-testimonials elementor-invisible elementor-widget elementor-widget-testimonial\" data-id=\"daf782\" data-element_type=\"widget\" data-settings=\"{&quot;_animation&quot;:&quot;fadeInUp&quot;,&quot;_animation_delay&quot;:&quot;400&quot;}\" data-widget_type=\"testimonial.default\">\n\t\t\t\t<div class=\"elementor-widget-container\">\n\t\t\t\t\t<div class=\"elementor-testimonial-wrapper\">\n\t\t\t\t\t\t\t<div class=\"elementor-testimonial-content\">Elisabeth ist eine \u00fcberaus tolle Trainerin und verf\u00fcgt zus\u00e4tzlich \u00fcber sehr gute Coachingf\u00e4higkeiten, die sie ganz selbstverst\u00e4ndlich zur Unterst\u00fctzung einflie\u00dfen l\u00e4sst.\nDanke f\u00fcr alles und ich hoffe noch weitere Kurse besuchen zu k\u00f6nnen!<\/div>\n\t\t\t\n\t\t\t\t\t\t<div class=\"elementor-testimonial-meta elementor-has-image elementor-testimonial-image-position-top\">\n\t\t\t\t<div class=\"elementor-testimonial-meta-inner\">\n\t\t\t\t\t\t\t\t\t\t\t<div class=\"elementor-testimonial-image\">\n\t\t\t\t\t\t\t<img decoding=\"async\" width=\"1920\" height=\"1276\" src=\"https:\/\/dardo-consulting.com\/onlinekurse\/wp-content\/uploads\/sites\/14\/2019\/09\/smiley-3692494_1920.jpg\" class=\"attachment-full size-full wp-image-4664\" alt=\"\" srcset=\"https:\/\/dardo-consulting.com\/onlinekurse\/wp-content\/uploads\/sites\/14\/2019\/09\/smiley-3692494_1920.jpg 1920w, https:\/\/dardo-consulting.com\/onlinekurse\/wp-content\/uploads\/sites\/14\/2019\/09\/smiley-3692494_1920-300x199.jpg 300w, https:\/\/dardo-consulting.com\/onlinekurse\/wp-content\/uploads\/sites\/14\/2019\/09\/smiley-3692494_1920-768x510.jpg 768w, https:\/\/dardo-consulting.com\/onlinekurse\/wp-content\/uploads\/sites\/14\/2019\/09\/smiley-3692494_1920-1024x681.jpg 1024w, https:\/\/dardo-consulting.com\/onlinekurse\/wp-content\/uploads\/sites\/14\/2019\/09\/smiley-3692494_1920-50x33.jpg 50w, https:\/\/dardo-consulting.com\/onlinekurse\/wp-content\/uploads\/sites\/14\/2019\/09\/smiley-3692494_1920-100x66.jpg 100w, https:\/\/dardo-consulting.com\/onlinekurse\/wp-content\/uploads\/sites\/14\/2019\/09\/smiley-3692494_1920-272x182.jpg 272w\" sizes=\"(max-width: 1920px) 100vw, 1920px\" \/>\t\t\t\t\t\t<\/div>\n\t\t\t\t\t\n\t\t\t\t\t\t\t\t\t\t<div class=\"elementor-testimonial-details\">\n\t\t\t\t\t\t\t\t\t\t\t\t\t\t<div class=\"elementor-testimonial-name\">Teilnehmer<\/div>\n\t\t\t\t\t\t\t\t\t\t\t\t\t\t\t\t\t\t\t<\/div>\n\t\t\t\t\t\t\t\t\t<\/div>\n\t\t\t<\/div>\n\t\t\t\t\t<\/div>\n\t\t\t\t<\/div>\n\t\t\t\t<\/div>\n\t\t\t\t\t<\/div>\n\t\t<\/div>\n\t\t\t\t\t<\/div>\n\t\t<\/section>\n\t\t\t\t<\/div>\n\t\t","protected":false},"excerpt":{"rendered":"<p>\/*! elementor &#8211; v3.16.0 &#8211; 13-09-2023 *\/ .elementor-heading-title{padding:0;margin:0;line-height:1}.elementor-widget-heading .elementor-heading-title[class*=elementor-size-]&gt;a{color:inherit;font-size:inherit;line-height:inherit}.elementor-widget-heading .elementor-heading-title.elementor-size-small{font-size:15px}.elementor-widget-heading .elementor-heading-title.elementor-size-medium{font-size:19px}.elementor-widget-heading .elementor-heading-title.elementor-size-large{font-size:29px}.elementor-widget-heading .elementor-heading-title.elementor-size-xl{font-size:39px}.elementor-widget-heading .elementor-heading-title.elementor-size-xxl{font-size:59px} Be yourself. Be your best. \u00fcber mich \/*! elementor &#8211; v3.16.0&hellip;<\/p>\n","protected":false},"author":1,"featured_media":0,"parent":0,"menu_order":0,"comment_status":"closed","ping_status":"closed","template":"","meta":{"footnotes":""},"class_list":["post-457","page","type-page","status-publish","hentry"],"_links":{"self":[{"href":"https:\/\/dardo-consulting.com\/onlinekurse\/wp-json\/wp\/v2\/pages\/457","targetHints":{"allow":["GET"]}}],"collection":[{"href":"https:\/\/dardo-consulting.com\/onlinekurse\/wp-json\/wp\/v2\/pages"}],"about":[{"href":"https:\/\/dardo-consulting.com\/onlinekurse\/wp-json\/wp\/v2\/types\/page"}],"author":[{"embeddable":true,"href":"https:\/\/dardo-consulting.com\/onlinekurse\/wp-json\/wp\/v2\/users\/1"}],"replies":[{"embeddable":true,"href":"https:\/\/dardo-consulting.com\/onlinekurse\/wp-json\/wp\/v2\/comments?post=457"}],"version-history":[{"count":9,"href":"https:\/\/dardo-consulting.com\/onlinekurse\/wp-json\/wp\/v2\/pages\/457\/revisions"}],"predecessor-version":[{"id":12816,"href":"https:\/\/dardo-consulting.com\/onlinekurse\/wp-json\/wp\/v2\/pages\/457\/revisions\/12816"}],"wp:attachment":[{"href":"https:\/\/dardo-consulting.com\/onlinekurse\/wp-json\/wp\/v2\/media?parent=457"}],"curies":[{"name":"wp","href":"https:\/\/api.w.org\/{rel}","templated":true}]}}